{"id":663,"date":"2022-01-24T13:42:05","date_gmt":"2022-01-24T12:42:05","guid":{"rendered":"https:\/\/geekevent.fr\/?page_id=663"},"modified":"2022-01-24T13:48:14","modified_gmt":"2022-01-24T12:48:14","slug":"mentions-legales","status":"publish","type":"page","link":"https:\/\/geekevent.fr\/index.php\/mentions-legales\/","title":{"rendered":"Mentions l\u00e9gales"},"content":{"rendered":"\t\t<div data-elementor-type=\"wp-page\" data-elementor-id=\"663\" class=\"elementor elementor-663\">\n\t\t\t\t\t\t\t\t\t<section class=\"elementor-section elementor-top-section elementor-element elementor-element-04453eb elementor-section-boxed elementor-section-height-default elementor-section-height-default\" data-id=\"04453eb\" data-element_type=\"section\" data-settings=\"{&quot;_ha_eqh_enable&quot;:false}\">\n\t\t\t\t\t\t<div class=\"elementor-container elementor-column-gap-default\">\n\t\t\t\t\t<div class=\"elementor-column elementor-col-100 elementor-top-column elementor-element elementor-element-167ac2b\" data-id=\"167ac2b\" data-element_type=\"column\">\n\t\t\t<div class=\"elementor-widget-wrap elementor-element-populated\">\n\t\t\t\t\t\t\t\t<div class=\"elementor-element elementor-element-ede34f6 elementor-widget elementor-widget-heading\" data-id=\"ede34f6\" data-element_type=\"widget\" data-widget_type=\"heading.default\">\n\t\t\t\t<div class=\"elementor-widget-container\">\n\t\t\t<h2 class=\"elementor-heading-title elementor-size-default\">> Mentions l\u00e9gales <<\/h2>\t\t<\/div>\n\t\t\t\t<\/div>\n\t\t\t\t\t<\/div>\n\t\t<\/div>\n\t\t\t\t\t\t\t<\/div>\n\t\t<\/section>\n\t\t\t\t<section class=\"elementor-section elementor-top-section elementor-element elementor-element-d66d445 elementor-section-boxed elementor-section-height-default elementor-section-height-default\" data-id=\"d66d445\" data-element_type=\"section\" data-settings=\"{&quot;_ha_eqh_enable&quot;:false}\">\n\t\t\t\t\t\t<div class=\"elementor-container elementor-column-gap-default\">\n\t\t\t\t\t<div class=\"elementor-column elementor-col-100 elementor-top-column elementor-element elementor-element-246dd4a\" data-id=\"246dd4a\" data-element_type=\"column\">\n\t\t\t<div class=\"elementor-widget-wrap elementor-element-populated\">\n\t\t\t\t\t\t\t\t<div class=\"elementor-element elementor-element-b7040d3 elementor-widget elementor-widget-text-editor\" data-id=\"b7040d3\" data-element_type=\"widget\" data-widget_type=\"text-editor.default\">\n\t\t\t\t<div class=\"elementor-widget-container\">\n\t\t\t\t\t\t\t<p><strong>Editeur du site<\/strong><\/p><p>Le site est \u00e9dit\u00e9 par <strong>Geek Event<\/strong>, association de loi 1901.<br \/>Si\u00e8ge social : <span style=\"font-weight: 400;\">92 Rue des Eglantiers, 34170 Castelnau le Lez.<br \/>Email :\u00a0<a href=\"mailto:contact@geekevent.fr\">contact@geekevent.fr.<\/a><br \/><\/span><span style=\"font-weight: 400;\">Repr\u00e9sentant l\u00e9gal : Abdelwahab Oukouchih.<\/span><\/p><p><strong>H\u00e9bergeur du site<\/strong><\/p><p>Le Site est h\u00e9berg\u00e9 par la soci\u00e9t\u00e9 OVH.<br \/>Si\u00e8ge social : 2, rue Kellermann BP 80157 59053 ROUBAIX Cedex 1.<br \/>Email : <a href=\"mailto:support@ovh.com\" data-slimstat=\"5\">support@ovh.com<\/a>.<br \/>T\u00e9l. : +33 (0)8 203 203 63.<br \/>Num\u00e9ro d\u2019immatriculation au Registre du Commerce et des Soci\u00e9t\u00e9s de Lille : B 424 761 419.<\/p>\t\t\t\t\t\t<\/div>\n\t\t\t\t<\/div>\n\t\t\t\t<div class=\"elementor-element elementor-element-82f2fd9 elementor-widget elementor-widget-html\" data-id=\"82f2fd9\" data-element_type=\"widget\" data-widget_type=\"html.default\">\n\t\t\t\t<div class=\"elementor-widget-container\">\n\t\t\t<center><a rel=\"license\" href=\"http:\/\/creativecommons.org\/licenses\/by-nc-sa\/4.0\/\"><img decoding=\"async\" alt=\"Licence Creative Commons\" style=\"border-width:0\" src=\"https:\/\/i.creativecommons.org\/l\/by-nc-sa\/4.0\/88x31.png\" \/><\/a><br \/>Ce(tte) \u0153uvre est mise \u00e0 disposition selon les termes de la <a rel=\"license\" href=\"http:\/\/creativecommons.org\/licenses\/by-nc-sa\/4.0\/\">Licence Creative Commons Attribution - Pas d\u2019Utilisation Commerciale - Partage dans les M\u00eames Conditions 4.0 International<\/a>.<\/center>\t\t<\/div>\n\t\t\t\t<\/div>\n\t\t\t\t\t<\/div>\n\t\t<\/div>\n\t\t\t\t\t\t\t<\/div>\n\t\t<\/section>\n\t\t\t\t\t\t\t<\/div>\n\t\t","protected":false},"excerpt":{"rendered":"<p>> Mentions l\u00e9gales<\/p>\n","protected":false},"author":2,"featured_media":0,"parent":0,"menu_order":0,"comment_status":"closed","ping_status":"closed","template":"elementor_canvas","meta":{"spay_email":"","footnotes":""},"yoast_head":"<!-- This site is optimized with the Yoast SEO plugin v18.8 - https:\/\/yoast.com\/wordpress\/plugins\/seo\/ -->\n<title>Mentions l\u00e9gales &ndash; Geek Event<\/title>\n<meta name=\"robots\" content=\"index, follow, max-snippet:-1, max-image-preview:large, max-video-preview:-1\" \/>\n<link rel=\"canonical\" href=\"https:\/\/geekevent.fr\/index.php\/mentions-legales\/\" \/>\n<meta property=\"og:locale\" content=\"fr_FR\" \/>\n<meta property=\"og:type\" content=\"article\" \/>\n<meta property=\"og:title\" content=\"Mentions l\u00e9gales &ndash; Geek Event\" \/>\n<meta property=\"og:description\" content=\"&gt; Mentions l\u00e9gales\" \/>\n<meta property=\"og:url\" content=\"https:\/\/geekevent.fr\/index.php\/mentions-legales\/\" \/>\n<meta property=\"og:site_name\" content=\"Geek Event\" \/>\n<meta property=\"article:publisher\" content=\"https:\/\/www.facebook.com\/GeekEvent\/\" \/>\n<meta property=\"article:modified_time\" content=\"2022-01-24T12:48:14+00:00\" \/>\n<meta property=\"og:image\" content=\"https:\/\/i.creativecommons.org\/l\/by-nc-sa\/4.0\/88x31.png\" \/>\n<meta name=\"twitter:card\" content=\"summary_large_image\" \/>\n<meta name=\"twitter:site\" content=\"@geekevent_fr\" \/>\n<script type=\"application\/ld+json\" class=\"yoast-schema-graph\">{\"@context\":\"https:\/\/schema.org\",\"@graph\":[{\"@type\":\"Organization\",\"@id\":\"https:\/\/geekevent.fr\/#organization\",\"name\":\"Geek Event\",\"url\":\"https:\/\/geekevent.fr\/\",\"sameAs\":[\"https:\/\/www.facebook.com\/GeekEvent\/\",\"https:\/\/www.instagram.com\/geekevent_fr\",\"https:\/\/www.linkedin.com\/company\/geek-event\",\"https:\/\/twitter.com\/geekevent_fr\"],\"logo\":{\"@type\":\"ImageObject\",\"inLanguage\":\"fr-FR\",\"@id\":\"https:\/\/geekevent.fr\/#\/schema\/logo\/image\/\",\"url\":\"https:\/\/i0.wp.com\/geekevent.fr\/wp-content\/uploads\/2021\/05\/Logo_GeekEvent_Texte.png?fit=1148%2C841&ssl=1\",\"contentUrl\":\"https:\/\/i0.wp.com\/geekevent.fr\/wp-content\/uploads\/2021\/05\/Logo_GeekEvent_Texte.png?fit=1148%2C841&ssl=1\",\"width\":1148,\"height\":841,\"caption\":\"Geek Event\"},\"image\":{\"@id\":\"https:\/\/geekevent.fr\/#\/schema\/logo\/image\/\"}},{\"@type\":\"WebSite\",\"@id\":\"https:\/\/geekevent.fr\/#website\",\"url\":\"https:\/\/geekevent.fr\/\",\"name\":\"Geek Event\",\"description\":\"Des \u00e9v\u00e8nements qui vous ressemblent et qui nous rassemblent !\",\"publisher\":{\"@id\":\"https:\/\/geekevent.fr\/#organization\"},\"potentialAction\":[{\"@type\":\"SearchAction\",\"target\":{\"@type\":\"EntryPoint\",\"urlTemplate\":\"https:\/\/geekevent.fr\/?s={search_term_string}\"},\"query-input\":\"required name=search_term_string\"}],\"inLanguage\":\"fr-FR\"},{\"@type\":\"ImageObject\",\"inLanguage\":\"fr-FR\",\"@id\":\"https:\/\/geekevent.fr\/index.php\/mentions-legales\/#primaryimage\",\"url\":\"https:\/\/i.creativecommons.org\/l\/by-nc-sa\/4.0\/88x31.png\",\"contentUrl\":\"https:\/\/i.creativecommons.org\/l\/by-nc-sa\/4.0\/88x31.png\"},{\"@type\":\"WebPage\",\"@id\":\"https:\/\/geekevent.fr\/index.php\/mentions-legales\/#webpage\",\"url\":\"https:\/\/geekevent.fr\/index.php\/mentions-legales\/\",\"name\":\"Mentions l\u00e9gales &ndash; Geek Event\",\"isPartOf\":{\"@id\":\"https:\/\/geekevent.fr\/#website\"},\"primaryImageOfPage\":{\"@id\":\"https:\/\/geekevent.fr\/index.php\/mentions-legales\/#primaryimage\"},\"datePublished\":\"2022-01-24T12:42:05+00:00\",\"dateModified\":\"2022-01-24T12:48:14+00:00\",\"breadcrumb\":{\"@id\":\"https:\/\/geekevent.fr\/index.php\/mentions-legales\/#breadcrumb\"},\"inLanguage\":\"fr-FR\",\"potentialAction\":[{\"@type\":\"ReadAction\",\"target\":[\"https:\/\/geekevent.fr\/index.php\/mentions-legales\/\"]}]},{\"@type\":\"BreadcrumbList\",\"@id\":\"https:\/\/geekevent.fr\/index.php\/mentions-legales\/#breadcrumb\",\"itemListElement\":[{\"@type\":\"ListItem\",\"position\":1,\"name\":\"Accueil\",\"item\":\"https:\/\/geekevent.fr\/\"},{\"@type\":\"ListItem\",\"position\":2,\"name\":\"Mentions l\u00e9gales\"}]}]}<\/script>\n<!-- \/ Yoast SEO plugin. -->","yoast_head_json":{"title":"Mentions l\u00e9gales &ndash; Geek Event","robots":{"index":"index","follow":"follow","max-snippet":"max-snippet:-1","max-image-preview":"max-image-preview:large","max-video-preview":"max-video-preview:-1"},"canonical":"https:\/\/geekevent.fr\/index.php\/mentions-legales\/","og_locale":"fr_FR","og_type":"article","og_title":"Mentions l\u00e9gales &ndash; Geek Event","og_description":"> Mentions l\u00e9gales","og_url":"https:\/\/geekevent.fr\/index.php\/mentions-legales\/","og_site_name":"Geek Event","article_publisher":"https:\/\/www.facebook.com\/GeekEvent\/","article_modified_time":"2022-01-24T12:48:14+00:00","og_image":[{"url":"https:\/\/i.creativecommons.org\/l\/by-nc-sa\/4.0\/88x31.png"}],"twitter_card":"summary_large_image","twitter_site":"@geekevent_fr","schema":{"@context":"https:\/\/schema.org","@graph":[{"@type":"Organization","@id":"https:\/\/geekevent.fr\/#organization","name":"Geek Event","url":"https:\/\/geekevent.fr\/","sameAs":["https:\/\/www.facebook.com\/GeekEvent\/","https:\/\/www.instagram.com\/geekevent_fr","https:\/\/www.linkedin.com\/company\/geek-event","https:\/\/twitter.com\/geekevent_fr"],"logo":{"@type":"ImageObject","inLanguage":"fr-FR","@id":"https:\/\/geekevent.fr\/#\/schema\/logo\/image\/","url":"https:\/\/i0.wp.com\/geekevent.fr\/wp-content\/uploads\/2021\/05\/Logo_GeekEvent_Texte.png?fit=1148%2C841&ssl=1","contentUrl":"https:\/\/i0.wp.com\/geekevent.fr\/wp-content\/uploads\/2021\/05\/Logo_GeekEvent_Texte.png?fit=1148%2C841&ssl=1","width":1148,"height":841,"caption":"Geek Event"},"image":{"@id":"https:\/\/geekevent.fr\/#\/schema\/logo\/image\/"}},{"@type":"WebSite","@id":"https:\/\/geekevent.fr\/#website","url":"https:\/\/geekevent.fr\/","name":"Geek Event","description":"Des \u00e9v\u00e8nements qui vous ressemblent et qui nous rassemblent !","publisher":{"@id":"https:\/\/geekevent.fr\/#organization"},"potentialAction":[{"@type":"SearchAction","target":{"@type":"EntryPoint","urlTemplate":"https:\/\/geekevent.fr\/?s={search_term_string}"},"query-input":"required name=search_term_string"}],"inLanguage":"fr-FR"},{"@type":"ImageObject","inLanguage":"fr-FR","@id":"https:\/\/geekevent.fr\/index.php\/mentions-legales\/#primaryimage","url":"https:\/\/i.creativecommons.org\/l\/by-nc-sa\/4.0\/88x31.png","contentUrl":"https:\/\/i.creativecommons.org\/l\/by-nc-sa\/4.0\/88x31.png"},{"@type":"WebPage","@id":"https:\/\/geekevent.fr\/index.php\/mentions-legales\/#webpage","url":"https:\/\/geekevent.fr\/index.php\/mentions-legales\/","name":"Mentions l\u00e9gales &ndash; Geek Event","isPartOf":{"@id":"https:\/\/geekevent.fr\/#website"},"primaryImageOfPage":{"@id":"https:\/\/geekevent.fr\/index.php\/mentions-legales\/#primaryimage"},"datePublished":"2022-01-24T12:42:05+00:00","dateModified":"2022-01-24T12:48:14+00:00","breadcrumb":{"@id":"https:\/\/geekevent.fr\/index.php\/mentions-legales\/#breadcrumb"},"inLanguage":"fr-FR","potentialAction":[{"@type":"ReadAction","target":["https:\/\/geekevent.fr\/index.php\/mentions-legales\/"]}]},{"@type":"BreadcrumbList","@id":"https:\/\/geekevent.fr\/index.php\/mentions-legales\/#breadcrumb","itemListElement":[{"@type":"ListItem","position":1,"name":"Accueil","item":"https:\/\/geekevent.fr\/"},{"@type":"ListItem","position":2,"name":"Mentions l\u00e9gales"}]}]}},"_links":{"self":[{"href":"https:\/\/geekevent.fr\/index.php\/wp-json\/wp\/v2\/pages\/663"}],"collection":[{"href":"https:\/\/geekevent.fr\/index.php\/wp-json\/wp\/v2\/pages"}],"about":[{"href":"https:\/\/geekevent.fr\/index.php\/wp-json\/wp\/v2\/types\/page"}],"author":[{"embeddable":true,"href":"https:\/\/geekevent.fr\/index.php\/wp-json\/wp\/v2\/users\/2"}],"replies":[{"embeddable":true,"href":"https:\/\/geekevent.fr\/index.php\/wp-json\/wp\/v2\/comments?post=663"}],"version-history":[{"count":16,"href":"https:\/\/geekevent.fr\/index.php\/wp-json\/wp\/v2\/pages\/663\/revisions"}],"predecessor-version":[{"id":892,"href":"https:\/\/geekevent.fr\/index.php\/wp-json\/wp\/v2\/pages\/663\/revisions\/892"}],"wp:attachment":[{"href":"https:\/\/geekevent.fr\/index.php\/wp-json\/wp\/v2\/media?parent=663"}],"curies":[{"name":"wp","href":"https:\/\/api.w.org\/{rel}","templated":true}]}}